{"id":9830,"date":"2020-03-31T22:34:00","date_gmt":"2020-03-31T20:34:00","guid":{"rendered":"https:\/\/grand-hotel-filippo.net\/?post_type=product&#038;p=9830"},"modified":"2021-09-13T16:26:14","modified_gmt":"2021-09-13T14:26:14","slug":"long-sejour-tunisie","status":"publish","type":"product","link":"https:\/\/grand-hotel-filippo.net\/de\/produit\/long-sejour-tunisie\/","title":{"rendered":"Long s\u00e9jour Tunisie"},"content":{"rendered":"","protected":false},"excerpt":{"rendered":"<p>Long s\u00e9jour Tunisie \u00e0 partir de 19\u20ac<br \/>\nNos partenaires en Tunisie<\/p>\n","protected":false},"featured_media":9832,"comment_status":"closed","ping_status":"closed","template":"","meta":{"_seopress_robots_primary_cat":"none","_seopress_titles_title":"Long s\u00e9jour senior retraite tunisie ","_seopress_titles_desc":"Djerba h\u00f4tel long s\u00e9jour retraites et seniors en Tunisie vacances seniors et promotions tunisie ","_seopress_robots_index":""},"product_brand":[],"product_cat":[105],"product_tag":[],"class_list":{"0":"post-9830","1":"product","2":"type-product","3":"status-publish","4":"has-post-thumbnail","6":"product_cat-tunisie","8":"first","9":"instock","10":"taxable","11":"shipping-taxable","12":"product-type-external"},"etheme_brands":{"errors":{"invalid_taxonomy":["Invalid taxonomy."]},"error_data":[]},"_links":{"self":[{"href":"https:\/\/grand-hotel-filippo.net\/de\/wp-json\/wp\/v2\/product\/9830","targetHints":{"allow":["GET"]}}],"collection":[{"href":"https:\/\/grand-hotel-filippo.net\/de\/wp-json\/wp\/v2\/product"}],"about":[{"href":"https:\/\/grand-hotel-filippo.net\/de\/wp-json\/wp\/v2\/types\/product"}],"replies":[{"embeddable":true,"href":"https:\/\/grand-hotel-filippo.net\/de\/wp-json\/wp\/v2\/comments?post=9830"}],"wp:featuredmedia":[{"embeddable":true,"href":"https:\/\/grand-hotel-filippo.net\/de\/wp-json\/wp\/v2\/media\/9832"}],"wp:attachment":[{"href":"https:\/\/grand-hotel-filippo.net\/de\/wp-json\/wp\/v2\/media?parent=9830"}],"wp:term":[{"taxonomy":"product_brand","embeddable":true,"href":"https:\/\/grand-hotel-filippo.net\/de\/wp-json\/wp\/v2\/product_brand?post=9830"},{"taxonomy":"product_cat","embeddable":true,"href":"https:\/\/grand-hotel-filippo.net\/de\/wp-json\/wp\/v2\/product_cat?post=9830"},{"taxonomy":"product_tag","embeddable":true,"href":"https:\/\/grand-hotel-filippo.net\/de\/wp-json\/wp\/v2\/product_tag?post=9830"}],"curies":[{"name":"wp","href":"https:\/\/api.w.org\/{rel}","templated":true}]}}