{"id":159,"date":"2016-12-20T17:53:22","date_gmt":"2016-12-20T16:53:22","guid":{"rendered":"http:\/\/grand-hotel-filippo.net\/produit\/decouverte-des-vosges\/"},"modified":"2025-12-28T22:47:09","modified_gmt":"2025-12-28T21:47:09","slug":"authentisches-elsass","status":"publish","type":"product","link":"https:\/\/grand-hotel-filippo.net\/de\/produit\/authentisches-elsass\/","title":{"rendered":"Authentisches Elsass \/ 5 N\u00e4chte"},"content":{"rendered":"","protected":false},"excerpt":{"rendered":"<p>\u2022 5 N\u00e4chte in einem Deluxe Doppelzimmer<br \/>\n\u2022 5 Fr\u00fchst\u00fccke am Buffet mit unbegrenztem Els\u00e4sser Cr\u00e9mant<br \/>\n\u2022 2 Halbpension Abendessen*(4 G\u00e4nge Menu &#8211; ohne Getr\u00e4nke)<br \/>\n\u2022 1 Weinverkostung<\/p>\n<p><span style=\"color: #991e4b;\">Preis: ab 299\u20ac\/person<\/span><\/p>\n","protected":false},"featured_media":11248,"comment_status":"closed","ping_status":"closed","template":"","meta":{"_seopress_robots_primary_cat":"none","_seopress_titles_title":"","_seopress_titles_desc":"","_seopress_robots_index":""},"product_brand":[],"product_cat":[19],"product_tag":[],"class_list":{"0":"post-159","1":"product","2":"type-product","3":"status-publish","4":"has-post-thumbnail","6":"product_cat-sonderangebote","8":"first","9":"instock","10":"virtual","11":"sold-individually","12":"taxable","13":"purchasable","14":"product-type-simple"},"etheme_brands":{"errors":{"invalid_taxonomy":["Invalid taxonomy."]},"error_data":[]},"_links":{"self":[{"href":"https:\/\/grand-hotel-filippo.net\/de\/wp-json\/wp\/v2\/product\/159","targetHints":{"allow":["GET"]}}],"collection":[{"href":"https:\/\/grand-hotel-filippo.net\/de\/wp-json\/wp\/v2\/product"}],"about":[{"href":"https:\/\/grand-hotel-filippo.net\/de\/wp-json\/wp\/v2\/types\/product"}],"replies":[{"embeddable":true,"href":"https:\/\/grand-hotel-filippo.net\/de\/wp-json\/wp\/v2\/comments?post=159"}],"wp:featuredmedia":[{"embeddable":true,"href":"https:\/\/grand-hotel-filippo.net\/de\/wp-json\/wp\/v2\/media\/11248"}],"wp:attachment":[{"href":"https:\/\/grand-hotel-filippo.net\/de\/wp-json\/wp\/v2\/media?parent=159"}],"wp:term":[{"taxonomy":"product_brand","embeddable":true,"href":"https:\/\/grand-hotel-filippo.net\/de\/wp-json\/wp\/v2\/product_brand?post=159"},{"taxonomy":"product_cat","embeddable":true,"href":"https:\/\/grand-hotel-filippo.net\/de\/wp-json\/wp\/v2\/product_cat?post=159"},{"taxonomy":"product_tag","embeddable":true,"href":"https:\/\/grand-hotel-filippo.net\/de\/wp-json\/wp\/v2\/product_tag?post=159"}],"curies":[{"name":"wp","href":"https:\/\/api.w.org\/{rel}","templated":true}]}}