{"id":2934,"date":"2018-11-11T12:13:41","date_gmt":"2018-11-11T11:13:41","guid":{"rendered":"https:\/\/grand-hotel-filippo.net\/de\/hotel_chambres_suites\/suite-privilege\/"},"modified":"2024-08-25T23:39:26","modified_gmt":"2024-08-25T21:39:26","slug":"privilege-suite","status":"publish","type":"page","link":"https:\/\/grand-hotel-filippo.net\/de\/hotel_chambres_suites\/privilege-suite\/","title":{"rendered":"PRESTIGE Suite"},"content":{"rendered":"<div class=\"wpb-content-wrapper\"><p>[vc_row gap=&#8221;5&#8243;][vc_column width=&#8221;2\/3&#8243;]<div class=\"avt_masterslider_el \" >\n\t\t<!-- MasterSlider -->\n\t\t<div id=\"P_MS69f4143e8c590\" class=\"master-slider-parent ms-thumbs-template ms-parent-id-7\" style=\"max-width:1000px;\" >\n\n\t\t\t\n\t\t\t<!-- MasterSlider Main -->\n\t\t\t<div id=\"MS69f4143e8c590\" class=\"master-slider ms-skin-light-3\" >\n\t\t\t\t \t\t\t\t \n\t\t\t<div  class=\"ms-slide\" data-delay=\"3\" data-fill-mode=\"fill\"   >\n\t\t\t\t\t<img decoding=\"async\" src=\"https:\/\/grand-hotel-filippo.net\/wp-content\/plugins\/masterslider\/public\/assets\/css\/blank.gif\" alt=\"\" title=\"hotel_ghd_0020\" data-src=\"https:\/\/grand-hotel-filippo.net\/wp-content\/uploads\/2019\/04\/hotel_ghd_0020.jpg\" \/>\n\n\n\t<img decoding=\"async\" class=\"ms-thumb\" src=\"https:\/\/grand-hotel-filippo.net\/wp-content\/uploads\/2019\/04\/hotel_ghd_0020-127x137.jpg\" alt=\"\" \/>\n\t\t\t\t<\/div>\n\t\t\t<div  class=\"ms-slide\" data-delay=\"3\" data-fill-mode=\"fill\"   >\n\t\t\t\t\t<img decoding=\"async\" src=\"https:\/\/grand-hotel-filippo.net\/wp-content\/plugins\/masterslider\/public\/assets\/css\/blank.gif\" alt=\"\" title=\"hotel-suite_0015\" data-src=\"https:\/\/grand-hotel-filippo.net\/wp-content\/uploads\/2018\/11\/hotel-suite_0015.jpg\" \/>\n\n\n\t<img decoding=\"async\" class=\"ms-thumb\" src=\"https:\/\/grand-hotel-filippo.net\/wp-content\/uploads\/2018\/11\/hotel-suite_0015-127x137.jpg\" alt=\"\" \/>\n\t\t\t\t<\/div>\n\t\t\t<div  class=\"ms-slide\" data-delay=\"3\" data-fill-mode=\"fill\"   >\n\t\t\t\t\t<img decoding=\"async\" src=\"https:\/\/grand-hotel-filippo.net\/wp-content\/plugins\/masterslider\/public\/assets\/css\/blank.gif\" alt=\"\" title=\"hotel_booking_0022\" data-src=\"https:\/\/grand-hotel-filippo.net\/wp-content\/uploads\/2019\/04\/hotel_booking_0022.jpg\" \/>\n\n\n\t<img decoding=\"async\" class=\"ms-thumb\" src=\"https:\/\/grand-hotel-filippo.net\/wp-content\/uploads\/2019\/04\/hotel_booking_0022-127x137.jpg\" alt=\"\" \/>\n\t\t\t\t<\/div>\n\t\t\t<div  class=\"ms-slide\" data-delay=\"3\" data-fill-mode=\"fill\"   >\n\t\t\t\t\t<img decoding=\"async\" src=\"https:\/\/grand-hotel-filippo.net\/wp-content\/plugins\/masterslider\/public\/assets\/css\/blank.gif\" alt=\"\" title=\"hotel-suite_0027\" data-src=\"https:\/\/grand-hotel-filippo.net\/wp-content\/uploads\/2018\/11\/hotel-suite_0027.jpg\" \/>\n\n\n\t<img decoding=\"async\" class=\"ms-thumb\" src=\"https:\/\/grand-hotel-filippo.net\/wp-content\/uploads\/2018\/11\/hotel-suite_0027-127x137.jpg\" alt=\"\" \/>\n\t\t\t\t<\/div>\n\n\t\t\t<\/div>\n\t\t\t<!-- END MasterSlider Main -->\n\n\t\t\t \n\t\t<\/div>\n\t\t<!-- END MasterSlider -->\n\n\t\t<script>\n\t\t( window.MSReady = window.MSReady || [] ).push( function( $ ) {\n\n\t\t\t\"use strict\";\n\t\t\tvar masterslider_c590 = new MasterSlider();\n\n\t\t\t\/\/ slider controls\n\t\t\tmasterslider_c590.control('arrows'     ,{ autohide:true, overVideo:true  });\n\t\t\tmasterslider_c590.control('thumblist'  ,{ autohide:false, overVideo:true, dir:'h', speed:17, inset:false, arrows:false, hover:false, customClass:'', align:'bottom',type:'thumbs', margin:5, width:127, height:137, space:5, fillMode:'fill'  });\n\t\t\tmasterslider_c590.control('scrollbar'  ,{ autohide:false, overVideo:true, dir:'h', inset:true, align:'top', color:'#3D3D3D' , margin:10  , width:4 });\n\t\t\t\/\/ slider setup\n\t\t\tmasterslider_c590.setup(\"MS69f4143e8c590\", {\n\t\t\t\twidth           : 800,\n\t\t\t\theight          : 532,\n\t\t\t\tminHeight       : 0,\n\t\t\t\tspace           : 0,\n\t\t\t\tstart           : 1,\n\t\t\t\tgrabCursor      : true,\n\t\t\t\tswipe           : true,\n\t\t\t\tmouse           : true,\n\t\t\t\tkeyboard        : false,\n\t\t\t\tlayout          : \"boxed\",\n\t\t\t\twheel           : false,\n\t\t\t\tautoplay        : true,\n                instantStartLayers:false,\n\t\t\t\tmobileBGVideo:false,\n\t\t\t\tloop            : false,\n\t\t\t\tshuffle         : false,\n\t\t\t\tpreload         : 2,\n\t\t\t\theightLimit     : true,\n\t\t\t\tautoHeight      : true,\n\t\t\t\tsmoothHeight    : true,\n\t\t\t\tendPause        : false,\n\t\t\t\toverPause       : true,\n\t\t\t\tfillMode        : \"fill\",\n\t\t\t\tcenterControls  : false,\n\t\t\t\tstartOnAppear   : false,\n\t\t\t\tlayersMode      : \"center\",\n\t\t\t\tautofillTarget  : \"\",\n\t\t\t\thideLayers      : false,\n\t\t\t\tfullscreenMargin: 0,\n\t\t\t\tspeed           : 20,\n\t\t\t\tdir             : \"h\",\n\t\t\t\tresponsive      : true,\n\t\t\t\ttabletWidth     : 768,\n\t\t\t\ttabletHeight    : null,\n\t\t\t\tphoneWidth      : 480,\n\t\t\t\tphoneHeight    : null,\n\t\t\t\tsizingReference : window,\n\t\t\t\tparallaxMode    : 'swipe',\n\t\t\t\tview            : \"scale\"\n\t\t\t});\n\n\t\t\t\n\t\t\twindow.masterslider_instances = window.masterslider_instances || [];\n\t\t\twindow.masterslider_instances.push( masterslider_c590 );\n\t\t});\n\t\t<\/script>\n\n<\/div>[vc_column_text css=&#8221;.vc_custom_1724621839138{padding-top: 10px !important;}&#8221; size=&#8221;0&#8243;]<\/p>\n<h3 style=\"color: #52486a;\">PRESTIGE SUITEE<\/h3>\n<p><img decoding=\"async\" class=\"alignnone size-full wp-image-409\" src=\"http:\/\/i0.wp.com\/resivac.eu\/wp-content\/uploads\/2015\/12\/litleman.png\" alt=\"litleman\" width=\"9\" height=\"16\" \/> &#8211; <img decoding=\"async\" class=\"alignnone size-full wp-image-409\" src=\"http:\/\/i0.wp.com\/resivac.eu\/wp-content\/uploads\/2015\/12\/litleman.png\" alt=\"litleman\" width=\"9\" height=\"16\" \/><img decoding=\"async\" class=\"alignnone size-full wp-image-409\" src=\"http:\/\/i0.wp.com\/resivac.eu\/wp-content\/uploads\/2015\/12\/litleman.png\" alt=\"litleman\" width=\"9\" height=\"16\" \/><img decoding=\"async\" class=\"alignnone size-full wp-image-409\" src=\"http:\/\/i0.wp.com\/resivac.eu\/wp-content\/uploads\/2015\/12\/litleman.png\" alt=\"litleman\" width=\"9\" height=\"16\" \/><img decoding=\"async\" class=\"alignnone size-full wp-image-409\" src=\"http:\/\/i0.wp.com\/resivac.eu\/wp-content\/uploads\/2015\/12\/litleman.png\" alt=\"litleman\" width=\"9\" height=\"16\" \/><br \/>\nDoppelbett + ein sofa<br \/>\n<strong>Fr\u00fchst\u00fcck:<\/strong> Inbegriffen<\/p>\n<hr \/>\n<p>Fl\u00e4che: 32 m\u00b2<br \/>\nSchlafen: 1 x Doppelschlafcouch, 1 x Doppelbett<br \/>\nBewohner: 4 Personen<\/p>\n<p>Unsere Zimmer sind ausgestattet mit einer Minibar, einem Fernseher, einem Direktwahltelefon mit Voicemail sowie Hochgeschwindigkeits-Wi-Fi.[\/vc_column_text][\/vc_column][vc_column width=&#8221;1\/3&#8243;][vc_widget_sidebar sidebar_id=&#8221;chambre&#8221;][\/vc_column][\/vc_row]<\/p>\n<\/div>","protected":false},"excerpt":{"rendered":"<p>[vc_row gap=&#8221;5&#8243;][vc_column width=&#8221;2\/3&#8243;][vc_column_text css=&#8221;.vc_custom_1724621839138{padding-top: 10px !important;}&#8221; size=&#8221;0&#8243;] PRESTIGE SUITEE &#8211; Doppelbett + ein sofa Fr\u00fchst\u00fcck: Inbegriffen Fl\u00e4che: 32 m\u00b2 Schlafen: 1 x Doppelschlafcouch, 1 x&#8230;<\/p>\n","protected":false},"author":1,"featured_media":0,"parent":2709,"menu_order":105,"comment_status":"closed","ping_status":"closed","template":"","meta":{"_seopress_robots_primary_cat":"","_seopress_titles_title":"","_seopress_titles_desc":"","_seopress_robots_index":"","footnotes":""},"class_list":["post-2934","page","type-page","status-publish","hentry"],"_links":{"self":[{"href":"https:\/\/grand-hotel-filippo.net\/de\/wp-json\/wp\/v2\/pages\/2934","targetHints":{"allow":["GET"]}}],"collection":[{"href":"https:\/\/grand-hotel-filippo.net\/de\/wp-json\/wp\/v2\/pages"}],"about":[{"href":"https:\/\/grand-hotel-filippo.net\/de\/wp-json\/wp\/v2\/types\/page"}],"author":[{"embeddable":true,"href":"https:\/\/grand-hotel-filippo.net\/de\/wp-json\/wp\/v2\/users\/1"}],"replies":[{"embeddable":true,"href":"https:\/\/grand-hotel-filippo.net\/de\/wp-json\/wp\/v2\/comments?post=2934"}],"version-history":[{"count":3,"href":"https:\/\/grand-hotel-filippo.net\/de\/wp-json\/wp\/v2\/pages\/2934\/revisions"}],"predecessor-version":[{"id":10654,"href":"https:\/\/grand-hotel-filippo.net\/de\/wp-json\/wp\/v2\/pages\/2934\/revisions\/10654"}],"up":[{"embeddable":true,"href":"https:\/\/grand-hotel-filippo.net\/de\/wp-json\/wp\/v2\/pages\/2709"}],"wp:attachment":[{"href":"https:\/\/grand-hotel-filippo.net\/de\/wp-json\/wp\/v2\/media?parent=2934"}],"curies":[{"name":"wp","href":"https:\/\/api.w.org\/{rel}","templated":true}]}}