{"id":1934,"date":"2017-01-04T08:13:40","date_gmt":"2017-01-04T07:13:40","guid":{"rendered":"http:\/\/grand-hotel-filippo.net\/de\/accueil\/"},"modified":"2018-05-19T19:33:16","modified_gmt":"2018-05-19T17:33:16","slug":"willkommen","status":"publish","type":"page","link":"https:\/\/grand-hotel-filippo.net\/de\/willkommen\/","title":{"rendered":"Willkommen"},"content":{"rendered":"<div class=\"wpb-content-wrapper\"><p>[vc_row full_width=&#8221;stretch_row_content_no_spaces&#8221; css=&#8221;.vc_custom_1483514851870{margin-bottom: 0px !important;}&#8221;][vc_column][rev_slider_vc alias=&#8221;Fr-home&#8221;][\/vc_column][\/vc_row][vc_row full_width=&#8221;stretch_row&#8221; css=&#8221;.vc_custom_1483523259417{margin-top: -40px !important;margin-bottom: 0px !important;background-color: #af8a5d !important;}&#8221;][vc_column][awe_check_available_form night=&#8221;no&#8221; layout=&#8221;horizontal&#8221; style=&#8221;custom&#8221;][\/vc_column][\/vc_row][vc_row full_width=&#8221;stretch_row&#8221; gap=&#8221;30&#8243;][vc_column width=&#8221;2\/3&#8243;][vc_column_text size=&#8221;0&#8243; css=&#8221;.vc_custom_1483520241541{margin-bottom: 0px !important;}&#8221;]<\/p>\n<h1 style=\"color: #af8a5d; text-align: center;\">\u2606\u2606\u2606\u2606<\/h1>\n<p>[\/vc_column_text][vc_column_text size=&#8221;0&#8243; css=&#8221;.vc_custom_1483520086269{margin-top: -10px !important;}&#8221;]<\/p>\n<h1 style=\"text-align: center;\">Le Grand Hotel FILIPPO<\/h1>\n<p>[\/vc_column_text][vc_text_separator title=&#8221;NIEDERBRONN LES BAINS &#8211; ELSASS&#8221; color=&#8221;mulled_wine&#8221; style=&#8221;shadow&#8221; el_width=&#8221;80&#8243;][vc_column_text size=&#8221;0&#8243;]M\u00f6chten Sie w\u00e4hrend Ihrer Gesch\u00e4fts- oder Urlaubsreise ein paar Tage im Herzen des Naturparks Vogesen verbringen? Das Grand Hotel FILIPPO Niederbronn verbindet Natur, Entspannung und Gastronomie und ist damit der ideale Ausgangspunkt f\u00fcr Ihre Ausfl\u00fcge.[\/vc_column_text][vc_column_text size=&#8221;0&#8243;]Das 4-Sterne-Grand Hotel FILIPPO befindet sich im Zentrum der Kurstadt und 150 m vom Lucien Barri\u00e8re Casino entfernt. Es bietet moderne, klimatisierte Zimmer mit Einrichtung im Art d\u00e9co-Stil. Dies Sterne-Haus eignet sich perfekt f\u00fcr Ihre Veranstaltungen und Cocktails in einer gr\u00fcnen und ruhigen Umgebung.[\/vc_column_text][vc_row_inner css=&#8221;.vc_custom_1483521236592{margin-bottom: 10px !important;}&#8221;][vc_column_inner width=&#8221;1\/4&#8243;][vc_column_text size=&#8221;0&#8243;]<\/p>\n<p style=\"text-align: center;\"><img decoding=\"async\" class=\"size-full wp-image-1307 aligncenter\" src=\"http:\/\/grand-hotel-filippo.net\/wp-content\/uploads\/2017\/01\/wifi.png\" alt=\"wifi\" width=\"32\" height=\"32\" \/>KOSTENLOSE WLAN<\/p>\n<p>[\/vc_column_text][\/vc_column_inner][vc_column_inner width=&#8221;1\/4&#8243;][vc_column_text size=&#8221;0&#8243;]<\/p>\n<p style=\"text-align: center;\"><img decoding=\"async\" class=\"wp-image-1322 size-full aligncenter\" src=\"http:\/\/grand-hotel-filippo.net\/wp-content\/uploads\/2017\/01\/icon.png\" width=\"32\" height=\"32\" \/>KOSTENLOSE PARKPL\u00c4TZE<\/p>\n<p>[\/vc_column_text][\/vc_column_inner][vc_column_inner width=&#8221;1\/4&#8243;][vc_column_text size=&#8221;0&#8243;]<\/p>\n<p style=\"text-align: center;\"><img decoding=\"async\" class=\"wp-image-1325 size-full aligncenter\" src=\"http:\/\/grand-hotel-filippo.net\/wp-content\/uploads\/2017\/01\/cocktail-on-a-glass-32.png\" width=\"32\" height=\"32\" \/>COCKTAILBAR<\/p>\n<p>[\/vc_column_text][\/vc_column_inner][vc_column_inner width=&#8221;1\/4&#8243;][vc_column_text size=&#8221;0&#8243;]<\/p>\n<p style=\"text-align: center;\"><img decoding=\"async\" class=\"wp-image-1316 size-full aligncenter\" src=\"http:\/\/grand-hotel-filippo.net\/wp-content\/uploads\/2017\/01\/CHIEN-2B.png\" width=\"32\" height=\"32\" \/>TIERE ERLAUBT<\/p>\n<p>[\/vc_column_text][\/vc_column_inner][\/vc_row_inner][\/vc_column][vc_column width=&#8221;1\/3&#8243; css=&#8221;.vc_custom_1483521120610{margin-right: -40px !important;margin-bottom: -40px !important;margin-left: -40px !important;background-color: #5a5071 !important;background-position: center !important;background-repeat: no-repeat !important;background-size: contain !important;}&#8221; enable_overlay=&#8221;true&#8221;][vc_single_image image=&#8221;1960&#8243; img_size=&#8221;full&#8221; css=&#8221;.vc_custom_1483806538932{margin-top: -35px !important;margin-right: -30px !important;margin-bottom: 0px !important;margin-left: -30px !important;}&#8221;]<div class=\"avt_masterslider_el \" >\n\t\t<!-- MasterSlider -->\n\t\t<div id=\"P_MS69fcb8c67a4eb\" class=\"master-slider-parent ms-staff-carousel ms-parent-id-2\" style=\"max-width:100%;\" >\n\n\t\t\t\n\t\t\t<!-- MasterSlider Main -->\n\t\t\t<div id=\"MS69fcb8c67a4eb\" class=\"master-slider ms-skin-default\" >\n\t\t\t\t \t\t\t\t \n\t\t\t<div  class=\"ms-slide\" data-delay=\"3\" data-fill-mode=\"fill\"   >\n\t\t\t\t\t<img decoding=\"async\" src=\"https:\/\/grand-hotel-filippo.net\/wp-content\/plugins\/masterslider\/public\/assets\/css\/blank.gif\" alt=\"Long s\u00e9jour Tunisie\" title=\"Long s\u00e9jour Tunisie\" data-src=\"https:\/\/grand-hotel-filippo.net\/wp-content\/uploads\/2020\/03\/long-sejours800.jpg\" \/>\n\n\t\t\t\t\t<div class=\"ms-info\"><div align=\"center\"><h4><a href=\"https:\/\/grand-hotel-filippo.net\/?post_type=product&#038;p=9830\" >Long s\u00e9jour Tunisie<\/a><\/h4><h3 style=\"color: white;\"><span class=\"woocommerce-Price-amount amount\"><bdi>19,00<span class=\"woocommerce-Price-currencySymbol\">&euro;<\/span><\/bdi><\/span>\/Person<\/h3><h3><span style=\"color: white;\"><p>Long s\u00e9jour Tunisie \u00e0 partir de 19\u20ac<br \/>\nNos partenaires en Tunisie<\/p>\n..etc.<\/span><\/h3><\/div><\/div>\n\n\n\t\t\t\t<\/div>\n\t\t\t<div  class=\"ms-slide\" data-delay=\"3\" data-fill-mode=\"fill\"   >\n\t\t\t\t\t<img decoding=\"async\" src=\"https:\/\/grand-hotel-filippo.net\/wp-content\/plugins\/masterslider\/public\/assets\/css\/blank.gif\" alt=\"Abendschritt-paket\" title=\"Abendschritt-paket\" data-src=\"https:\/\/grand-hotel-filippo.net\/wp-content\/uploads\/2017\/01\/Filippo-3-langues-site-webArtboard-1-copy-5.jpg\" \/>\n\n\t\t\t\t\t<div class=\"ms-info\"><div align=\"center\"><h4><a href=\"http:\/\/grand-hotel-filippo.net\/de\/produit\/forfait-soiree-etape\/\" >Abendschritt-paket<\/a><\/h4><h3 style=\"color: white;\"><span class=\"woocommerce-Price-amount amount\"><bdi>99,00<span class=\"woocommerce-Price-currencySymbol\">&euro;<\/span><\/bdi><\/span>\/Person<\/h3><h3><span style=\"color: white;\"><p>** Dieses Angebot gilt f\u00fcr alle Personen auf\u00a0Gesch\u00e4ftsreise.<\/p>\n<p>\u2022 Unterkunft<br \/>\n\u2022 Abend.....etc.<\/span><\/h3><\/div><\/div>\n\n\n\t\t\t\t<\/div>\n\t\t\t<div  class=\"ms-slide\" data-delay=\"3\" data-fill-mode=\"fill\"   >\n\t\t\t\t\t<img decoding=\"async\" src=\"https:\/\/grand-hotel-filippo.net\/wp-content\/plugins\/masterslider\/public\/assets\/css\/blank.gif\" alt=\"Elsass anders entdecken \/ 2 N\u00e4chte\" title=\"Elsass anders entdecken \/ 2 N\u00e4chte\" data-src=\"https:\/\/grand-hotel-filippo.net\/wp-content\/uploads\/2016\/12\/Filippo-3-langues-site-webArtboard-1-copy.jpg\" \/>\n\n\t\t\t\t\t<div class=\"ms-info\"><div align=\"center\"><h4><a href=\"http:\/\/grand-hotel-filippo.net\/produit\/lalsace-autrement\/\" >Elsass anders entdecken \/ 2 N\u00e4chte<\/a><\/h4><h3 style=\"color: white;\"><span class=\"woocommerce-Price-amount amount\"><bdi>139,00<span class=\"woocommerce-Price-currencySymbol\">&euro;<\/span><\/bdi><\/span>\/Person<\/h3><h3><span style=\"color: white;\"><p>\u2022 2 N\u00e4chte im Deluxe-Doppelzimmer<br \/>\n\u2022 2 Fr\u00fchst\u00fccke am Buffet mit unbegrenztem Els\u00e4sser Cr\u00e9.....etc.<\/span><\/h3><\/div><\/div>\n\n\n\t\t\t\t<\/div>\n\t\t\t<div  class=\"ms-slide\" data-delay=\"3\" data-fill-mode=\"fill\"   >\n\t\t\t\t\t<img decoding=\"async\" src=\"https:\/\/grand-hotel-filippo.net\/wp-content\/plugins\/masterslider\/public\/assets\/css\/blank.gif\" alt=\"Entdeckung der Vogesen \/ 3 N\u00e4chte\" title=\"Entdeckung der Vogesen \/ 3 N\u00e4chte\" data-src=\"https:\/\/grand-hotel-filippo.net\/wp-content\/uploads\/2016\/12\/Filippo-3-langues-site-webArtboard-1-copy-4.jpg\" \/>\n\n\t\t\t\t\t<div class=\"ms-info\"><div align=\"center\"><h4><a href=\"http:\/\/grand-hotel-filippo.net\/produit\/faites-vos-jeux\/\" >Entdeckung der Vogesen \/ 3 N\u00e4chte<\/a><\/h4><h3 style=\"color: white;\"><span class=\"woocommerce-Price-amount amount\"><bdi>199,00<span class=\"woocommerce-Price-currencySymbol\">&euro;<\/span><\/bdi><\/span>\/Person<\/h3><h3><span style=\"color: white;\"><p>\u2022 3 N\u00e4chte im Deluxe-Doppelzimmer<br \/>\n\u2022 3 Fr\u00fchst\u00fccke am Buffet mit unbegrenztem Els\u00e4sser Cr\u00e9.....etc.<\/span><\/h3><\/div><\/div>\n\n\n\t\t\t\t<\/div>\n\t\t\t<div  class=\"ms-slide\" data-delay=\"3\" data-fill-mode=\"fill\"   >\n\t\t\t\t\t<img decoding=\"async\" src=\"https:\/\/grand-hotel-filippo.net\/wp-content\/plugins\/masterslider\/public\/assets\/css\/blank.gif\" alt=\"Authentisches Elsass \/ 5 N\u00e4chte\" title=\"Authentisches Elsass \/ 5 N\u00e4chte\" data-src=\"https:\/\/grand-hotel-filippo.net\/wp-content\/uploads\/2016\/12\/Filippo-3-langues-site-webArtboard-1-copy-2.jpg\" \/>\n\n\t\t\t\t\t<div class=\"ms-info\"><div align=\"center\"><h4><a href=\"http:\/\/grand-hotel-filippo.net\/produit\/decouverte-des-vosges\/\" >Authentisches Elsass \/ 5 N\u00e4chte<\/a><\/h4><h3 style=\"color: white;\"><span class=\"woocommerce-Price-amount amount\"><bdi>299,00<span class=\"woocommerce-Price-currencySymbol\">&euro;<\/span><\/bdi><\/span>\/Person<\/h3><h3><span style=\"color: white;\"><p>\u2022 5 N\u00e4chte in einem Deluxe Doppelzimmer<br \/>\n\u2022 5 Fr\u00fchst\u00fccke am Buffet mit unbegrenztem Els\u00e4ss.....etc.<\/span><\/h3><\/div><\/div>\n\n\n\t\t\t\t<\/div>\n\n\t\t\t<\/div>\n\t\t\t<!-- END MasterSlider Main -->\n\n\t\t\t \n\t\t<\/div>\n\t\t<!-- END MasterSlider -->\n\n\t\t<script>\n\t\t( window.MSReady = window.MSReady || [] ).push( function( $ ) {\n\n\t\t\t\"use strict\";\n\t\t\tvar masterslider_a4eb = new MasterSlider();\n\n\t\t\t\/\/ slider controls\n\t\t\tmasterslider_a4eb.control('arrows'     ,{ autohide:true, overVideo:true  });\n\t\t\tmasterslider_a4eb.control('slideinfo'  ,{ autohide:false, overVideo:true, dir:'h', align:'bottom',inset:false , margin:10   });\n\t\t\t\/\/ slider setup\n\t\t\tmasterslider_a4eb.setup(\"MS69fcb8c67a4eb\", {\n\t\t\t\twidth           : 240,\n\t\t\t\theight          : 240,\n\t\t\t\tminHeight       : 0,\n\t\t\t\tspace           : 0,\n\t\t\t\tstart           : 1,\n\t\t\t\tgrabCursor      : true,\n\t\t\t\tswipe           : true,\n\t\t\t\tmouse           : true,\n\t\t\t\tkeyboard        : false,\n\t\t\t\tlayout          : \"partialview\",\n\t\t\t\twheel           : true,\n\t\t\t\tautoplay        : true,\n                instantStartLayers:false,\n\t\t\t\tmobileBGVideo:false,\n\t\t\t\tloop            : true,\n\t\t\t\tshuffle         : false,\n\t\t\t\tpreload         : 0,\n\t\t\t\theightLimit     : true,\n\t\t\t\tautoHeight      : false,\n\t\t\t\tsmoothHeight    : true,\n\t\t\t\tendPause        : false,\n\t\t\t\toverPause       : true,\n\t\t\t\tfillMode        : \"fill\",\n\t\t\t\tcenterControls  : true,\n\t\t\t\tstartOnAppear   : false,\n\t\t\t\tlayersMode      : \"center\",\n\t\t\t\tautofillTarget  : \"\",\n\t\t\t\thideLayers      : false,\n\t\t\t\tfullscreenMargin: 0,\n\t\t\t\tspeed           : 20,\n\t\t\t\tdir             : \"h\",\n\t\t\t\tresponsive      : true,\n\t\t\t\ttabletWidth     : 768,\n\t\t\t\ttabletHeight    : null,\n\t\t\t\tphoneWidth      : 480,\n\t\t\t\tphoneHeight    : null,\n\t\t\t\tsizingReference : window,\n\t\t\t\tparallaxMode    : 'swipe',\n\t\t\t\tview            : \"wave\"\n\t\t\t});\n\n\t\t\t\n\t\t\twindow.masterslider_instances = window.masterslider_instances || [];\n\t\t\twindow.masterslider_instances.push( masterslider_a4eb );\n\t\t});\n\t\t<\/script>\n\n<\/div>[\/vc_column][\/vc_row][vc_row full_width=&#8221;stretch_row&#8221; css=&#8221;.vc_custom_1483526263423{background-color: #5a5071 !important;background-position: center !important;background-repeat: no-repeat !important;background-size: cover !important;}&#8221;][vc_column width=&#8221;2\/3&#8243;][vc_column_text size=&#8221;0&#8243;]<\/p>\n<h1 style=\"color: white;\"><img decoding=\"async\" class=\" wp-image-1341 alignleft\" src=\"http:\/\/grand-hotel-filippo.net\/wp-content\/uploads\/2017\/01\/cheque-cadeau-1.png\" alt=\"cheque-cadeau-1\" width=\"87\" height=\"102\" \/>Genie\u00dfen! Lassen Sie sich verw\u00f6hnen!<\/h1>\n<p><span style=\"color: white;\">Entdecken Sie unsere Geschenkgutscheine !<\/span>[\/vc_column_text][\/vc_column][vc_column width=&#8221;1\/3&#8243;][vc_empty_space height=&#8221;32&#8243;][awe_button style=&#8221;outline&#8221; size=&#8221;medium&#8221; align=&#8221;center&#8221; button_content=&#8221;ENTDECKEN&#8221; link=&#8221;url:http%3A%2F%2Fgrand-hotel-filippo.net%2Fde%2Fgeschenk%2F|||&#8221; color=&#8221;#ffffff&#8221;][\/vc_column][\/vc_row][vc_row][vc_column width=&#8221;1\/3&#8243; css=&#8221;.vc_custom_1483525032929{border-top-width: 1px !important;border-right-width: 1px !important;border-bottom-width: 1px !important;border-left-width: 1px !important;padding-bottom: 10px !important;border-left-color: #d1d1d1 !important;border-left-style: double !important;border-right-color: #d1d1d1 !important;border-right-style: double !important;border-top-color: #d1d1d1 !important;border-top-style: double !important;border-bottom-color: #d1d1d1 !important;border-bottom-style: double !important;}&#8221; enable_overlay=&#8221;true&#8221;][vc_single_image image=&#8221;1354&#8243; img_size=&#8221;large&#8221; alignment=&#8221;center&#8221; style=&#8221;vc_box_outline&#8221;][vc_column_text size=&#8221;0&#8243;]<\/p>\n<h3 style=\"text-align: center;\"><span style=\"color: #af8a5d;\">Sonder<\/span>angebote<\/h3>\n<p>[\/vc_column_text][vc_column_text size=&#8221;0&#8243;]<\/p>\n<p style=\"text-align: center;\">N\u00e4mlich Halbpension , \u00dcbernachtung, Pakete Kurg\u00e4ste und Wandern.<br \/>\nDies ist eine Adresse zu merken Elsass zu attraktiven Preisen zu besuchen ..<\/p>\n<p>[\/vc_column_text][awe_button style=&#8221;outline&#8221; align=&#8221;center&#8221; button_content=&#8221;ENTDECKEN&#8221; link=&#8221;url:http%3A%2F%2Fgrand-hotel-filippo.net%2Fde%2Fsonderangebote%2F|||&#8221; color=&#8221;#5a5071&#8243;][\/vc_column][vc_column width=&#8221;1\/3&#8243;][vc_single_image image=&#8221;1392&#8243; img_size=&#8221;large&#8221; alignment=&#8221;center&#8221; style=&#8221;vc_box_outline&#8221;][vc_column_text size=&#8221;0&#8243;]<\/p>\n<h3 style=\"text-align: center;\"><span style=\"color: #af8a5d;\">La Winstub <\/span>du Parc<\/h3>\n<p>[\/vc_column_text][vc_column_text size=&#8221;0&#8243;]<\/p>\n<p style=\"text-align: center;\">500m gerade vom Hotel, das Restaurant &#8220;L&#8217;Alexain&#8221; und seine Terrasse l\u00e4dt<br \/>\neine K\u00fcche kombiniert Originalit\u00e4t und els\u00e4ssische Tradition.<\/p>\n<p>[\/vc_column_text][awe_button style=&#8221;outline&#8221; align=&#8221;center&#8221; button_content=&#8221;ENTDECKEN&#8221; link=&#8221;url:https%3A%2F%2Fparchotel.net%2Fde%2Funsere-restaurants%2F||target:%20_blank|&#8221; color=&#8221;#5a5071&#8243;][\/vc_column][vc_column width=&#8221;1\/3&#8243; css=&#8221;.vc_custom_1483529463735{border-top-width: 1px !important;border-right-width: 1px !important;border-bottom-width: 1px !important;border-left-width: 1px !important;padding-bottom: 10px !important;border-left-color: #d6d6d6 !important;border-left-style: double !important;border-right-color: #d6d6d6 !important;border-right-style: double !important;border-top-color: #d6d6d6 !important;border-top-style: double !important;border-bottom-color: #d6d6d6 !important;border-bottom-style: double !important;}&#8221; enable_overlay=&#8221;true&#8221;][vc_single_image image=&#8221;1398&#8243; img_size=&#8221;large&#8221; alignment=&#8221;center&#8221; style=&#8221;vc_box_outline&#8221;][vc_column_text size=&#8221;0&#8243;]<\/p>\n<h3 style=\"text-align: center;\"><span style=\"color: #af8a5d;\">Tagungs<\/span>r\u00e4ume<\/h3>\n<p>[\/vc_column_text][vc_column_text size=&#8221;0&#8243;]<\/p>\n<p style=\"text-align: center;\">2 Tagungsr\u00e4ume mit WLAN-Zugang, Tageslicht, bietet Platz f\u00fcr bis zu 80 Personen.<br \/>\nUnsere Arbeitsbereiche sind f\u00f6rderlich f\u00fcr die Organisation von Veranstaltungen zur menschlichen Dimension.<\/p>\n<p>[\/vc_column_text][awe_button style=&#8221;outline&#8221; align=&#8221;center&#8221; button_content=&#8221;ENTDECKEN&#8221; link=&#8221;url:http%3A%2F%2Fgrand-hotel-filippo.net%2Fde%2Fseminar%2F|||&#8221; color=&#8221;#5a5071&#8243;][\/vc_column][\/vc_row][vc_row css=&#8221;.vc_custom_1483522465384{margin-bottom: 0px !important;}&#8221;][vc_column][vc_separator color=&#8221;mulled_wine&#8221; style=&#8221;shadow&#8221;][vc_column_text size=&#8221;0&#8243;]<\/p>\n<h1 style=\"text-align: center;\"><span style=\"color: #af8a5d;\">\u2606\u2606\u2606<\/span> Unsere Zimmer &amp; Suiten <span style=\"color: #af8a5d;\">\u2606\u2606\u2606<\/span><\/h1>\n<p style=\"text-align: center;\"><em>Je nach Ihren W\u00fcnschen , w\u00e4hlen Sie aus unseren drei Kategorien von Zimmer, alle ger\u00e4umig und modern eingerichtet : Einzel- oder Doppelbett Komfort Zimmer &#8211; Einzelbetten oder Doppelbett Elegance &#8211; Vorrechte Suiten f\u00fcr 2 oder 4 Personen . <\/em><\/p>\n<p>[\/vc_column_text][\/vc_column][\/vc_row][vc_row full_width=&#8221;stretch_row_content_no_spaces&#8221;][vc_column][awe_room style=&#8221;5&#8243; num=&#8221;6&#8243;][\/vc_column][\/vc_row][vc_row full_width=&#8221;stretch_row&#8221; css=&#8221;.vc_custom_1483525296674{margin-top: -50px !important;margin-bottom: 0px !important;background-color: #af8a5d !important;}&#8221;][vc_column][awe_check_available_form night=&#8221;no&#8221; layout=&#8221;horizontal&#8221; style=&#8221;custom&#8221;][\/vc_column][\/vc_row]<\/p>\n<\/div>","protected":false},"excerpt":{"rendered":"<p>[vc_row full_width=&#8221;stretch_row_content_no_spaces&#8221; css=&#8221;.vc_custom_1483514851870{margin-bottom: 0px !important;}&#8221;][vc_column][rev_slider_vc alias=&#8221;Fr-home&#8221;][\/vc_column][\/vc_row][vc_row full_width=&#8221;stretch_row&#8221; css=&#8221;.vc_custom_1483523259417{margin-top: -40px !important;margin-bottom: 0px !important;background-color: #af8a5d !important;}&#8221;][vc_column][awe_check_available_form night=&#8221;no&#8221; layout=&#8221;horizontal&#8221; style=&#8221;custom&#8221;][\/vc_column][\/vc_row][vc_row full_width=&#8221;stretch_row&#8221; gap=&#8221;30&#8243;][vc_column width=&#8221;2\/3&#8243;][vc_column_text size=&#8221;0&#8243; css=&#8221;.vc_custom_1483520241541{margin-bottom: 0px !important;}&#8221;] \u2606\u2606\u2606\u2606&#8230;<\/p>\n","protected":false},"author":1,"featured_media":1583,"parent":0,"menu_order":0,"comment_status":"closed","ping_status":"closed","template":"","meta":{"_seopress_robots_primary_cat":"","_seopress_titles_title":"Grand Hotel Filippo \u2022 4 Sterne Hotel in Niederbronn-les-Bains, Elsass","_seopress_titles_desc":"4 Sterne Hotel Elsass. Die besten Hotels in Niederbronn-les-Bains im Elsass im Herzen des Regionalen Naturparks der Vogesen. Das Grand Hotel Filippo bietet einfachen Zugang zum gro\u00dfen, nahe gelegenen Kasino und den Thermalb\u00e4dern von Niederbronn. Aufenthalt im Elsass Hotel Halbpension Wellness und Spa Elsass.","_seopress_robots_index":"","footnotes":""},"class_list":["post-1934","page","type-page","status-publish","has-post-thumbnail","hentry"],"_links":{"self":[{"href":"https:\/\/grand-hotel-filippo.net\/de\/wp-json\/wp\/v2\/pages\/1934","targetHints":{"allow":["GET"]}}],"collection":[{"href":"https:\/\/grand-hotel-filippo.net\/de\/wp-json\/wp\/v2\/pages"}],"about":[{"href":"https:\/\/grand-hotel-filippo.net\/de\/wp-json\/wp\/v2\/types\/page"}],"author":[{"embeddable":true,"href":"https:\/\/grand-hotel-filippo.net\/de\/wp-json\/wp\/v2\/users\/1"}],"replies":[{"embeddable":true,"href":"https:\/\/grand-hotel-filippo.net\/de\/wp-json\/wp\/v2\/comments?post=1934"}],"version-history":[{"count":0,"href":"https:\/\/grand-hotel-filippo.net\/de\/wp-json\/wp\/v2\/pages\/1934\/revisions"}],"wp:featuredmedia":[{"embeddable":true,"href":"https:\/\/grand-hotel-filippo.net\/de\/wp-json\/wp\/v2\/media\/1583"}],"wp:attachment":[{"href":"https:\/\/grand-hotel-filippo.net\/de\/wp-json\/wp\/v2\/media?parent=1934"}],"curies":[{"name":"wp","href":"https:\/\/api.w.org\/{rel}","templated":true}]}}